{"id":6924,"date":"2024-03-10T17:55:19","date_gmt":"2024-03-10T17:55:19","guid":{"rendered":"https:\/\/juntospeloclima.co.mz\/?page_id=6924"},"modified":"2024-03-25T20:59:42","modified_gmt":"2024-03-25T20:59:42","slug":"limpeza-no-bairro-da-mafalala","status":"publish","type":"page","link":"https:\/\/juntospeloclima.co.mz\/pt\/limpeza-no-bairro-da-mafalala\/","title":{"rendered":"Limpeza no Bairro da Mafalala"},"content":{"rendered":"\t\t<div data-elementor-type=\"wp-page\" data-elementor-id=\"6924\" class=\"elementor elementor-6924\" data-elementor-post-type=\"page\">\n\t\t\t\t\t\t<section class=\"elementor-section elementor-top-section elementor-element elementor-element-ded1e01 elementor-section-items-stretch elementor-section-content-top elementor-section-stretched elementor-section-height-min-height elementor-section-boxed elementor-section-height-default elementor-invisible\" data-id=\"ded1e01\" data-element_type=\"section\" data-settings=\"{&quot;background_background&quot;:&quot;classic&quot;,&quot;animation&quot;:&quot;zoomIn&quot;,&quot;stretch_section&quot;:&quot;section-stretched&quot;,&quot;shape_divider_bottom&quot;:&quot;waves&quot;}\">\n\t\t\t\t\t\t\t<div class=\"elementor-background-overlay\"><\/div>\n\t\t\t\t\t\t<div class=\"elementor-shape elementor-shape-bottom\" aria-hidden=\"true\" data-negative=\"false\">\n\t\t\t<svg xmlns=\"http:\/\/www.w3.org\/2000\/svg\" viewBox=\"0 0 1000 100\" preserveAspectRatio=\"none\">\n\t<path class=\"elementor-shape-fill\" d=\"M421.9,6.5c22.6-2.5,51.5,0.4,75.5,5.3c23.6,4.9,70.9,23.5,100.5,35.7c75.8,32.2,133.7,44.5,192.6,49.7\n\tc23.6,2.1,48.7,3.5,103.4-2.5c54.7-6,106.2-25.6,106.2-25.6V0H0v30.3c0,0,72,32.6,158.4,30.5c39.2-0.7,92.8-6.7,134-22.4\n\tc21.2-8.1,52.2-18.2,79.7-24.2C399.3,7.9,411.6,7.5,421.9,6.5z\"\/>\n<\/svg>\t\t<\/div>\n\t\t\t\t\t<div class=\"elementor-container elementor-column-gap-no\">\n\t\t\t\t\t<div class=\"elementor-column elementor-col-50 elementor-top-column elementor-element elementor-element-442cbce\" data-id=\"442cbce\" data-element_type=\"column\">\n\t\t\t<div class=\"elementor-widget-wrap elementor-element-populated\">\n\t\t\t\t\t\t<div class=\"elementor-element elementor-element-c961b2a elementor-widget elementor-widget-heading\" data-id=\"c961b2a\" data-element_type=\"widget\" data-widget_type=\"heading.default\">\n\t\t\t\t<div class=\"elementor-widget-container\">\n\t\t\t\t\t<h2 class=\"elementor-heading-title elementor-size-default\">limpeza no bairro da mafalala<\/h2>\t\t\t\t<\/div>\n\t\t\t\t<\/div>\n\t\t\t\t\t<\/div>\n\t\t<\/div>\n\t\t\t\t<div class=\"elementor-column elementor-col-50 elementor-top-column elementor-element elementor-element-6d4105c\" data-id=\"6d4105c\" data-element_type=\"column\">\n\t\t\t<div class=\"elementor-widget-wrap\">\n\t\t\t\t\t\t\t<\/div>\n\t\t<\/div>\n\t\t\t\t\t<\/div>\n\t\t<\/section>\n\t\t<div class=\"elementor-element elementor-element-fcc1fe2 e-flex e-con-boxed e-con e-parent\" data-id=\"fcc1fe2\" data-element_type=\"container\">\n\t\t\t\t\t<div class=\"e-con-inner\">\n\t\t\t\t<div class=\"elementor-element elementor-element-39a1ded elementor-widget elementor-widget-spacer\" data-id=\"39a1ded\" data-element_type=\"widget\" data-widget_type=\"spacer.default\">\n\t\t\t\t<div class=\"elementor-widget-container\">\n\t\t\t\t\t\t\t<div class=\"elementor-spacer\">\n\t\t\t<div class=\"elementor-spacer-inner\"><\/div>\n\t\t<\/div>\n\t\t\t\t\t\t<\/div>\n\t\t\t\t<\/div>\n\t\t\t\t\t<\/div>\n\t\t\t\t<\/div>\n\t\t<div class=\"elementor-element elementor-element-519a3e9e e-con-full e-flex e-con e-parent\" data-id=\"519a3e9e\" data-element_type=\"container\">\n\t\t<div class=\"elementor-element elementor-element-2ea47e61 e-con-full e-flex e-con e-child\" data-id=\"2ea47e61\" data-element_type=\"container\">\n\t\t\t\t<div class=\"elementor-element elementor-element-417e3844 elementor-widget elementor-widget-ecofinecore_about\" data-id=\"417e3844\" data-element_type=\"widget\" data-widget_type=\"ecofinecore_about.default\">\n\t\t\t\t<div class=\"elementor-widget-container\">\n\t\t\t\t\t        <div class=\"about-section-wraper\">\n            <div class=\"container\">\n            <div class=\"about_content \">\n                <div class=\"about-item\">\n                 <h4 class=\"about-small-stitle\"> Ac\u00e7\u00f5es Comunit\u00e1rias <\/h4>                 <h2 class=\"about-title\"> Antes da Interven\u00e7\u00e3o <\/h2>                                 <\/div>\n                                            <\/div>\n        <\/div>\n        <\/div>\n        \t\t\t\t<\/div>\n\t\t\t\t<\/div>\n\t\t\t\t<\/div>\n\t\t<div class=\"elementor-element elementor-element-38ce9210 e-con-full e-flex e-con e-child\" data-id=\"38ce9210\" data-element_type=\"container\">\n\t\t\t\t<\/div>\n\t\t\t\t<\/div>\n\t\t<div class=\"elementor-element elementor-element-1dc306fd e-con-full e-flex e-con e-parent\" data-id=\"1dc306fd\" data-element_type=\"container\">\n\t\t<div class=\"elementor-element elementor-element-1d93ab7c e-con-full e-flex e-con e-child\" data-id=\"1d93ab7c\" data-element_type=\"container\">\n\t\t\t\t<\/div>\n\t\t<div class=\"elementor-element elementor-element-550b31e7 e-con-full e-flex e-con e-child\" data-id=\"550b31e7\" data-element_type=\"container\">\n\t\t\t\t<div class=\"elementor-element elementor-element-1be9f972 elementor-widget elementor-widget-ecofinecore_about\" data-id=\"1be9f972\" data-element_type=\"widget\" data-widget_type=\"ecofinecore_about.default\">\n\t\t\t\t<div class=\"elementor-widget-container\">\n\t\t\t\t\t        <div class=\"about-section-wraper\">\n            <div class=\"container\">\n            <div class=\"about_content \">\n                <div class=\"about-item\">\n                 <h4 class=\"about-small-stitle\"> ac\u00e7\u00f5es comunit\u00e1rias <\/h4>                 <h2 class=\"about-title\"> Depois da Interven\u00e7\u00e3o <\/h2>                                 <\/div>\n                                            <\/div>\n        <\/div>\n        <\/div>\n        \t\t\t\t<\/div>\n\t\t\t\t<\/div>\n\t\t\t\t<\/div>\n\t\t\t\t<\/div>\n\t\t\t\t<section class=\"elementor-section elementor-top-section elementor-element elementor-element-26f484f elementor-section-boxed elementor-section-height-default elementor-section-height-default\" data-id=\"26f484f\" data-element_type=\"section\">\n\t\t\t\t\t\t<div class=\"elementor-container elementor-column-gap-no\">\n\t\t\t\t\t<div class=\"elementor-column elementor-col-100 elementor-top-column elementor-element elementor-element-08188ec\" data-id=\"08188ec\" data-element_type=\"column\">\n\t\t\t<div class=\"elementor-widget-wrap elementor-element-populated\">\n\t\t\t\t\t\t<div class=\"elementor-element elementor-element-f0fd33b elementor-widget elementor-widget-ecofinecore_title\" data-id=\"f0fd33b\" data-element_type=\"widget\" data-widget_type=\"ecofinecore_title.default\">\n\t\t\t\t<div class=\"elementor-widget-container\">\n\t\t\t\t\t        <div class=\"eco-section-title-wrapper\">\n           <div class=\"container\">\n           <div class=\"eco-section-title-content\">\n                                    <h4 class=\"eco-section-small-title\">\n                        Os nossos Parceiros                    <\/h4>\n                                           <\/div>\n        <\/div>\n           <\/div>\n        \t\t\t\t<\/div>\n\t\t\t\t<\/div>\n\t\t\t\t\t<\/div>\n\t\t<\/div>\n\t\t\t\t\t<\/div>\n\t\t<\/section>\n\t\t<div class=\"elementor-element elementor-element-7cec0907 e-con-full e-flex e-con e-parent\" data-id=\"7cec0907\" data-element_type=\"container\" data-settings=\"{&quot;background_background&quot;:&quot;classic&quot;}\">\n\t\t<div class=\"elementor-element elementor-element-4fd1903 e-con-full e-flex e-con e-child\" data-id=\"4fd1903\" data-element_type=\"container\">\n\t\t\t\t<div class=\"elementor-element elementor-element-414b7dcd elementor-widget__width-initial elementor-widget elementor-widget-shortcode\" data-id=\"414b7dcd\" data-element_type=\"widget\" data-widget_type=\"shortcode.default\">\n\t\t\t\t<div class=\"elementor-widget-container\">\n\t\t\t\t\t\t\t<div class=\"elementor-shortcode\">\t\n\t\t<div id=\"gs_logo_area_1\" data-shortcode-id=\"1\" class=\"gs_logo_area gs_logo_area_1 slider1 \" data-options='{\"logo_per_page\":\"6\"}' style=\"opacity: 0; visibility: hidden;\">\n\t\t\t<div class=\"gs_logo_area--inner\">\n\n\t\t\t\t<!-- Category Filters - New (Global) -->\n\t\t\t\t\t\n\t\t\t\t\n<div class=\"gs_logo_container gs_carousel_swiper gs_logo_fix_height_and_center\" data-carousel-config='{\"direction\":\"horizontal\",\"speed\":500,\"isAutoplay\":false,\"autoplayDelay\":2000,\"loop\":false,\"pauseOnHover\":true,\"ticker\":false,\"navs\":false,\"navs_pos\":\"bottom\",\"dots\":false,\"dynamic_dots\":true,\"slideSpace\":1,\"slidesPerGroup\":5,\"desktopLogos\":5,\"tabletLogos\":5,\"mobileLogos\":5,\"reverseDirection\":false}'>\n\n\t\n\t\t\n\t\t\t<div class=\"gs_logo_single--wrapper\">\n\t\t\t\t<div class=\"gs_logo_single\">\n\n\t\t\t\t\t<!-- Logo Img -->\n\t\t\t\t\t<a href=\"https:\/\/www.weworld.it\/en\/what-we-do\/global-projects\/mozambico-2\" target=\"_blank\" rel=\"noopener\"><img fetchpriority=\"high\" decoding=\"async\" width=\"425\" height=\"219\" src=\"https:\/\/juntospeloclima.co.mz\/wp-content\/uploads\/2024\/07\/INSTITUTIONAL-LOGO-COLOR.png\" class=\"tt-placement-top tt-bgcolor-one-%23ff5f6d tt-bgcolor-two-%23ffc371 tt-textcolor-%23fff gs-logo--img wp-post-image\" alt=\"\" title=\"We World\" srcset=\"https:\/\/juntospeloclima.co.mz\/wp-content\/uploads\/2024\/07\/INSTITUTIONAL-LOGO-COLOR.png 425w, https:\/\/juntospeloclima.co.mz\/wp-content\/uploads\/2024\/07\/INSTITUTIONAL-LOGO-COLOR-300x155.png 300w\" sizes=\"(max-width: 425px) 100vw, 425px\" \/><\/a>\n\t\t\t\t\t<!-- Logo Title -->\n\t\t\t\t\t\t\t\t\t\t\n\t\t\t\t\t<!-- Logo Category -->\n\t\t\t\t\t\t\t\t\t\t\n\t\t\t\t<\/div>\n\t\t\t<\/div>\n\n\t\t\n\t\t\t<div class=\"gs_logo_single--wrapper\">\n\t\t\t\t<div class=\"gs_logo_single\">\n\n\t\t\t\t\t<!-- Logo Img -->\n\t\t\t\t\t<a href=\"https:\/\/icei.it\/en\/category\/icei-mocambique-en\/\" target=\"_blank\" rel=\"noopener\"><img decoding=\"async\" width=\"500\" height=\"500\" src=\"https:\/\/juntospeloclima.co.mz\/wp-content\/uploads\/2024\/03\/icei.png\" class=\"tt-placement-top tt-bgcolor-one-%23ff5f6d tt-bgcolor-two-%23ffc371 tt-textcolor-%23fff gs-logo--img wp-post-image\" alt=\"\" title=\"ICEI\" srcset=\"https:\/\/juntospeloclima.co.mz\/wp-content\/uploads\/2024\/03\/icei.png 500w, https:\/\/juntospeloclima.co.mz\/wp-content\/uploads\/2024\/03\/icei-300x300.png 300w, https:\/\/juntospeloclima.co.mz\/wp-content\/uploads\/2024\/03\/icei-150x150.png 150w, https:\/\/juntospeloclima.co.mz\/wp-content\/uploads\/2024\/03\/icei-100x100.png 100w\" sizes=\"(max-width: 500px) 100vw, 500px\" \/><\/a>\n\t\t\t\t\t<!-- Logo Title -->\n\t\t\t\t\t\t\t\t\t\t\n\t\t\t\t\t<!-- Logo Category -->\n\t\t\t\t\t\t\t\t\t\t\n\t\t\t\t<\/div>\n\t\t\t<\/div>\n\n\t\t\n\t\t\t<div class=\"gs_logo_single--wrapper\">\n\t\t\t\t<div class=\"gs_logo_single\">\n\n\t\t\t\t\t<!-- Logo Img -->\n\t\t\t\t\t<a href=\"https:\/\/www.ctv.org.mz\/\" target=\"_blank\" rel=\"noopener\"><img decoding=\"async\" width=\"500\" height=\"500\" src=\"https:\/\/juntospeloclima.co.mz\/wp-content\/uploads\/2024\/03\/centro.png\" class=\"tt-placement-top tt-bgcolor-one-%23ff5f6d tt-bgcolor-two-%23ffc371 tt-textcolor-%23fff gs-logo--img wp-post-image\" alt=\"\" title=\"Centro Terra Viva\" srcset=\"https:\/\/juntospeloclima.co.mz\/wp-content\/uploads\/2024\/03\/centro.png 500w, https:\/\/juntospeloclima.co.mz\/wp-content\/uploads\/2024\/03\/centro-300x300.png 300w, https:\/\/juntospeloclima.co.mz\/wp-content\/uploads\/2024\/03\/centro-150x150.png 150w, https:\/\/juntospeloclima.co.mz\/wp-content\/uploads\/2024\/03\/centro-100x100.png 100w\" sizes=\"(max-width: 500px) 100vw, 500px\" \/><\/a>\n\t\t\t\t\t<!-- Logo Title -->\n\t\t\t\t\t\t\t\t\t\t\n\t\t\t\t\t<!-- Logo Category -->\n\t\t\t\t\t\t\t\t\t\t\n\t\t\t\t<\/div>\n\t\t\t<\/div>\n\n\t\t\n\t\t\t<div class=\"gs_logo_single--wrapper\">\n\t\t\t\t<div class=\"gs_logo_single\">\n\n\t\t\t\t\t<!-- Logo Img -->\n\t\t\t\t\t<a href=\"https:\/\/www.cnv.org.mz\/\" target=\"_blank\" rel=\"noopener\"><img loading=\"lazy\" decoding=\"async\" width=\"500\" height=\"500\" src=\"https:\/\/juntospeloclima.co.mz\/wp-content\/uploads\/2024\/03\/cnv.png\" class=\"tt-placement-top tt-bgcolor-one-%23ff5f6d tt-bgcolor-two-%23ffc371 tt-textcolor-%23fff gs-logo--img wp-post-image\" alt=\"\" title=\"CNV\" srcset=\"https:\/\/juntospeloclima.co.mz\/wp-content\/uploads\/2024\/03\/cnv.png 500w, https:\/\/juntospeloclima.co.mz\/wp-content\/uploads\/2024\/03\/cnv-300x300.png 300w, https:\/\/juntospeloclima.co.mz\/wp-content\/uploads\/2024\/03\/cnv-150x150.png 150w, https:\/\/juntospeloclima.co.mz\/wp-content\/uploads\/2024\/03\/cnv-100x100.png 100w\" sizes=\"(max-width: 500px) 100vw, 500px\" \/><\/a>\n\t\t\t\t\t<!-- Logo Title -->\n\t\t\t\t\t\t\t\t\t\t\n\t\t\t\t\t<!-- Logo Category -->\n\t\t\t\t\t\t\t\t\t\t\n\t\t\t\t<\/div>\n\t\t\t<\/div>\n\n\t\t\n\t\t\t<div class=\"gs_logo_single--wrapper\">\n\t\t\t\t<div class=\"gs_logo_single\">\n\n\t\t\t\t\t<!-- Logo Img -->\n\t\t\t\t\t<a href=\"https:\/\/www.linkedin.com\/in\/ycac-moz\/\" target=\"_blank\" rel=\"noopener\"><img loading=\"lazy\" decoding=\"async\" width=\"225\" height=\"225\" src=\"https:\/\/juntospeloclima.co.mz\/wp-content\/uploads\/2025\/01\/YCAC-removeb.webp\" class=\"tt-placement-top tt-bgcolor-one-%23ff5f6d tt-bgcolor-two-%23ffc371 tt-textcolor-%23fff gs-logo--img wp-post-image\" alt=\"\" title=\"YCAC\" srcset=\"https:\/\/juntospeloclima.co.mz\/wp-content\/uploads\/2025\/01\/YCAC-removeb.webp 225w, https:\/\/juntospeloclima.co.mz\/wp-content\/uploads\/2025\/01\/YCAC-removeb-150x150.webp 150w, https:\/\/juntospeloclima.co.mz\/wp-content\/uploads\/2025\/01\/YCAC-removeb-12x12.webp 12w, https:\/\/juntospeloclima.co.mz\/wp-content\/uploads\/2025\/01\/YCAC-removeb-100x100.webp 100w\" sizes=\"(max-width: 225px) 100vw, 225px\" \/><\/a>\n\t\t\t\t\t<!-- Logo Title -->\n\t\t\t\t\t\t\t\t\t\t\n\t\t\t\t\t<!-- Logo Category -->\n\t\t\t\t\t\t\t\t\t\t\n\t\t\t\t<\/div>\n\t\t\t<\/div>\n\n\t\t\t\t\n\t\n<\/div>\n\t\t\t\t<!-- Pagination -->\n\t\t\t\t\n\t\t\t<\/div>\n\t\t<\/div>\n\t\n\t\t<style>#gs_logo_area_1:not(.verticaltickerdown):not(.verticalticker) .gs_logo_container{margin-left:-0.5px}#gs_logo_area_1:not(.verticaltickerdown):not(.verticalticker) .gs_logo_container{margin-right:-0.5px}#gs_logo_area_1:not(.verticaltickerdown):not(.verticalticker) .gs_logo_single--wrapper{padding:0.5px}#gs_logo_area_1 ul.gs-logo-filter-cats{text-align:center!important}#gs_logo_area_1 .gs_logo_single--wrapper{width:20%}@media (max-width:1023px){#gs_logo_area_1 .gs_logo_single--wrapper{width:20%}}@media (max-width:767px){#gs_logo_area_1 .gs_logo_single--wrapper{width:20%}}<\/style><\/div>\n\t\t\t\t\t\t<\/div>\n\t\t\t\t<\/div>\n\t\t\t\t<\/div>\n\t\t\t\t<\/div>\n\t\t\t\t<\/div>\n\t\t","protected":false},"excerpt":{"rendered":"<p>limpeza no bairro da mafalala Ac\u00e7\u00f5es Comunit\u00e1rias Antes da Interven\u00e7\u00e3o ac\u00e7\u00f5es comunit\u00e1rias Depois da Interven\u00e7\u00e3o Os nossos Parceiros<\/p>\n","protected":false},"author":73,"featured_media":0,"parent":0,"menu_order":0,"comment_status":"closed","ping_status":"closed","template":"elementor_header_footer","meta":{"cybocfi_hide_featured_image":"","footnotes":""},"class_list":["post-6924","page","type-page","status-publish","hentry"],"_links":{"self":[{"href":"https:\/\/juntospeloclima.co.mz\/pt\/wp-json\/wp\/v2\/pages\/6924","targetHints":{"allow":["GET"]}}],"collection":[{"href":"https:\/\/juntospeloclima.co.mz\/pt\/wp-json\/wp\/v2\/pages"}],"about":[{"href":"https:\/\/juntospeloclima.co.mz\/pt\/wp-json\/wp\/v2\/types\/page"}],"author":[{"embeddable":true,"href":"https:\/\/juntospeloclima.co.mz\/pt\/wp-json\/wp\/v2\/users\/73"}],"replies":[{"embeddable":true,"href":"https:\/\/juntospeloclima.co.mz\/pt\/wp-json\/wp\/v2\/comments?post=6924"}],"version-history":[{"count":28,"href":"https:\/\/juntospeloclima.co.mz\/pt\/wp-json\/wp\/v2\/pages\/6924\/revisions"}],"predecessor-version":[{"id":8445,"href":"https:\/\/juntospeloclima.co.mz\/pt\/wp-json\/wp\/v2\/pages\/6924\/revisions\/8445"}],"wp:attachment":[{"href":"https:\/\/juntospeloclima.co.mz\/pt\/wp-json\/wp\/v2\/media?parent=6924"}],"curies":[{"name":"wp","href":"https:\/\/api.w.org\/{rel}","templated":true}]}}