{"id":3,"date":"2023-12-20T10:36:19","date_gmt":"2023-12-20T10:36:19","guid":{"rendered":"https:\/\/juntospeloclima.co.mz\/?page_id=3"},"modified":"2024-05-28T06:35:53","modified_gmt":"2024-05-28T06:35:53","slug":"politica-de-privacidade","status":"publish","type":"page","link":"https:\/\/juntospeloclima.co.mz\/en\/politica-de-privacidade\/","title":{"rendered":"Pol\u00edtica de Privacidade"},"content":{"rendered":"<h2 class=\"wp-block-heading\">Informa\u00e7\u00e3o sobre o processamento de dados pessoais<\/h2>\n\n\n\n<p>Esta p\u00e1gina descreve como este site \u00e9 gerido no que diz respeito ao processamento de dados pessoais dos usu\u00e1rios que o consultam. Esta informa\u00e7\u00e3o \u00e9 fornecida de acordo com<br>a legisla\u00e7\u00e3o vigente sobre dados pessoais para os usu\u00e1rios que interagem com os servi\u00e7os<br>deste site no \u00e2mbito do Regulamento da UE (GDPR) 2016\/679. A informa\u00e7\u00e3o \u00e9 fornecida<br>apenas para este site e n\u00e3o para outros sites que possam ser consultados pelo usu\u00e1rio<br>atrav\u00e9s dos nossos links.<\/p>\n\n\n\n<h2 class=\"wp-block-heading\">Controlador de dados<\/h2>\n\n\n\n<p>Ap\u00f3s a consulta ao site, os dados relativos a pessoas identificadas ou identific\u00e1veis podem<br>ser processados. O controlador desses dados \u00e9 WE WORLD ONLUS, com sede na via Serio<br>6, Mil\u00e3o, It\u00e1lia.<\/p>\n\n\n\n<h2 class=\"wp-block-heading\">Local de processamento de dados<\/h2>\n\n\n\n<p>As opera\u00e7\u00f5es de processamento conectadas aos servi\u00e7os web s\u00e3o realizadas apenas por<br>pessoal t\u00e9cnico do Escrit\u00f3rio encarregado do processamento ou por pessoas<br>encarregadas de opera\u00e7\u00f5es ocasionais de manuten\u00e7\u00e3o. Nenhum dado derivado do servi\u00e7o<br>web \u00e9 comunicado ou disseminado.<\/p>\n\n\n\n<h2 class=\"wp-block-heading\">Finalidades e base legal do processamento<\/h2>\n\n\n\n<p>Os dados pessoais fornecidos pelos usu\u00e1rios que enviam solicita\u00e7\u00f5es ou pretendem utilizar<br>servi\u00e7os ou produtos oferecidos atrav\u00e9s do site, bem como para receber conte\u00fados<br>espec\u00edficos adicionais, s\u00e3o usados apenas para responder \u00e0s solicita\u00e7\u00f5es ou realizar o<br>servi\u00e7o solicitado e s\u00e3o comunicados a terceiros somente quando necess\u00e1rio para esse fim.<br>A base legal para este processamento \u00e9 a necessidade de responder \u00e0s solicita\u00e7\u00f5es dos<br>titulares dos dados ou realizar atividades previstas nos acordos definidos com os titulares<br>dos dados.<\/p>\n\n\n\n<p><br>Os dados podem ser usados para atividades de comunica\u00e7\u00e3o institucional ou para<br>fornecer servi\u00e7os adicionais e feedback \u00e0s solicita\u00e7\u00f5es do controlador de dados. A base<br>legal para este processamento \u00e9 o consentimento livremente expresso pelo titular dos<br>dados. Fora desses casos, os dados de navega\u00e7\u00e3o dos usu\u00e1rios s\u00e3o mantidos pelo tempo<br>estritamente necess\u00e1rio para a gest\u00e3o das atividades de processamento dentro dos limites<br>previstos por lei.<\/p>\n\n\n\n<h2 class=\"wp-block-heading\">Tipos de dados processados<\/h2>\n\n\n\n<h2 class=\"wp-block-heading\">Dados de navega\u00e7\u00e3o<\/h2>\n\n\n\n<p>Os sistemas de computador e os procedimentos de software utilizados para operar o site<br>adquirem, durante a sua opera\u00e7\u00e3o normal, alguns dados pessoais cuja transmiss\u00e3o \u00e9<br>impl\u00edcita nos protocolos de comunica\u00e7\u00e3o da Internet. Esta informa\u00e7\u00e3o n\u00e3o \u00e9 coletada para<br>ser associada a titulares de dados identificados, mas pela sua pr\u00f3pria natureza, poderia<br>permitir a identifica\u00e7\u00e3o dos usu\u00e1rios atrav\u00e9s do processamento e associa\u00e7\u00e3o com dados<br>mantidos por terceiros. <\/p>\n\n\n\n<p>Esta categoria de dados inclui endere\u00e7os IP ou nomes de dom\u00ednio<br>de computadores utilizados pelos usu\u00e1rios que se conectam ao site, URI (Uniform Resource<br>Identifier) dos recursos solicitados, o hor\u00e1rio do pedido, o m\u00e9todo utilizado para submeter o<br>pedido ao servidor, o tamanho do arquivo obtido em resposta, o c\u00f3digo num\u00e9rico que mostra<br>o estado da resposta do servidor (bem-sucedido, erro, etc.) e outros par\u00e2metros relativos ao<br>sistema operacional e ambiente de computador do usu\u00e1rio. Esses dados s\u00e3o usados apenas<br>para obter informa\u00e7\u00f5es estat\u00edsticas an\u00f4nimas sobre o uso do site e para verificar seu correto<br>funcionamento e s\u00e3o exclu\u00eddos ap\u00f3s o processamento. Os dados poderiam ser utilizados<br>para apurar responsabilidades em caso de hipot\u00e9ticos crimes inform\u00e1ticos contra o site.<\/p>\n\n\n\n<h2 class=\"wp-block-heading\">Dados fornecidos voluntariamente pelo usu\u00e1rio<\/h2>\n\n\n\n<p>O envio opcional, expl\u00edcito e volunt\u00e1rio de e-mails para os endere\u00e7os especificados no site<br>implica a aquisi\u00e7\u00e3o subsequente do endere\u00e7o do remetente, necess\u00e1rio para responder \u00e0s<br>solicita\u00e7\u00f5es, bem como quaisquer outros dados pessoais inclu\u00eddos na mensagem.<br>Informa\u00e7\u00f5es espec\u00edficas e resumidas ser\u00e3o progressivamente relatadas ou exibidas nas<br>p\u00e1ginas do site configuradas para servi\u00e7os particulares mediante solicita\u00e7\u00e3o.<\/p>\n\n\n\n<h2 class=\"wp-block-heading\">Cookies.<\/h2>\n\n\n\n<p>Um cookie \u00e9 um elemento textual que \u00e9 inserido no disco r\u00edgido de um computador apenas<br>ap\u00f3s autoriza\u00e7\u00e3o. Os cookies t\u00eam a fun\u00e7\u00e3o de simplificar a an\u00e1lise do tr\u00e1fego web ou<br>sinalizar quando um site espec\u00edfico \u00e9 visitado e permitir que aplica\u00e7\u00f5es web enviem<br>informa\u00e7\u00f5es a usu\u00e1rios individuais. Nenhum dado pessoal dos usu\u00e1rios \u00e9 adquirido pelo site<br>neste contexto. N\u00e3o utilizamos cookies para transmitir informa\u00e7\u00f5es pessoais nem utilizamos<br>os chamados cookies persistentes, ou seja, sistemas para rastreamento de usu\u00e1rios. O uso<br>dos chamados cookies de sess\u00e3o \u00e9 estritamente limitado \u00e0 transmiss\u00e3o de identificadores<br>de sess\u00e3o (consistindo em n\u00fameros aleat\u00f3rios gerados pelo servidor) necess\u00e1rios para<br>permitir a navega\u00e7\u00e3o segura e eficiente do site. Os cookies de sess\u00e3o usados no site evitam<br>o uso de outras t\u00e9cnicas inform\u00e1ticas que s\u00e3o potencialmente prejudiciais \u00e0<br>confidencialidade da navega\u00e7\u00e3o do usu\u00e1rio e n\u00e3o permitem a aquisi\u00e7\u00e3o de dados pessoais<br>identific\u00e1veis do usu\u00e1rio.<\/p>\n\n\n\n<h2 class=\"wp-block-heading\">Fornecimento opcional de dados<\/h2>\n\n\n\n<p>Al\u00e9m das informa\u00e7\u00f5es especificadas para dados de navega\u00e7\u00e3o, o usu\u00e1rio \u00e9 livre para<br>fornecer dados pessoais para solicitar os servi\u00e7os oferecidos pelo Controlador. A falha no<br>fornecimento desses dados pode tornar imposs\u00edvel obter o que foi solicitado.<\/p>\n\n\n\n<h2 class=\"wp-block-heading\">M\u00e9todos de processamento e tempo de reten\u00e7\u00e3o de dados<\/h2>\n\n\n\n<p>Os dados pessoais s\u00e3o processados por ferramentas automatizadas pelo tempo<br>estritamente necess\u00e1rio para atingir os objetivos para os quais foram coletados. Medidas de<br>seguran\u00e7a espec\u00edficas s\u00e3o adotadas para evitar a perda de dados, o uso il\u00edcito ou incorreto<br>e o acesso n\u00e3o autorizado. Os dados s\u00e3o mantidos pelo tempo estritamente necess\u00e1rio para<br>a prossecu\u00e7\u00e3o das finalidades especificadas nesta informa\u00e7\u00e3o e ser\u00e3o exclu\u00eddos no final<br>deste per\u00edodo, a menos que os dados devam ser mantidos por obriga\u00e7\u00f5es legais ou para<br>exercer um direito em tribunal.<\/p>\n\n\n\n<h2 class=\"wp-block-heading\">Direitos do titular dos dados<\/h2>\n\n\n\n<p>Dentro dos limites e nas condi\u00e7\u00f5es previstas por lei, o controlador de dados \u00e9 obrigado a<br>responder \u00e0s solicita\u00e7\u00f5es do titular dos dados em rela\u00e7\u00e3o aos dados pessoais que lhe dizem<br>respeito. Em particular, de acordo com a legisla\u00e7\u00e3o vigente, como titular dos dados, voc\u00ea<br>tem o direito de obter, nos casos previstos, acesso aos seus dados pessoais, retifica\u00e7\u00e3o<br>(corre\u00e7\u00e3o), exclus\u00e3o dos seus dados ou restri\u00e7\u00e3o do processamento dos seus dados, ou de<br>se opor ao processamento realizado com base no seu consentimento, que pode ser<br>revogado a qualquer momento.<\/p>\n\n\n\n<p>Os pedidos devem ser enviados ao Controlador de Dados no seguinte endere\u00e7o de e-mail:<br><a href=\"mailto:juntospeloclima@weworld.it\">juntospeloclima@weworld.it<\/a>.<\/p>\n\n\n\n<p>Esta vers\u00e3o da informa\u00e7\u00e3o sobre o processamento de dados pessoais foi atualizada em<br>Maio de 2024.<\/p>","protected":false},"excerpt":{"rendered":"<p>Informa\u00e7\u00e3o sobre o processamento de dados pessoais Esta p\u00e1gina descreve como este site \u00e9 gerido no que diz respeito ao [&hellip;]<\/p>","protected":false},"author":73,"featured_media":0,"parent":0,"menu_order":0,"comment_status":"closed","ping_status":"closed","template":"","meta":{"cybocfi_hide_featured_image":"","footnotes":""},"class_list":["post-3","page","type-page","status-publish","hentry"],"_links":{"self":[{"href":"https:\/\/juntospeloclima.co.mz\/en\/wp-json\/wp\/v2\/pages\/3","targetHints":{"allow":["GET"]}}],"collection":[{"href":"https:\/\/juntospeloclima.co.mz\/en\/wp-json\/wp\/v2\/pages"}],"about":[{"href":"https:\/\/juntospeloclima.co.mz\/en\/wp-json\/wp\/v2\/types\/page"}],"author":[{"embeddable":true,"href":"https:\/\/juntospeloclima.co.mz\/en\/wp-json\/wp\/v2\/users\/73"}],"replies":[{"embeddable":true,"href":"https:\/\/juntospeloclima.co.mz\/en\/wp-json\/wp\/v2\/comments?post=3"}],"version-history":[{"count":1,"href":"https:\/\/juntospeloclima.co.mz\/en\/wp-json\/wp\/v2\/pages\/3\/revisions"}],"predecessor-version":[{"id":8917,"href":"https:\/\/juntospeloclima.co.mz\/en\/wp-json\/wp\/v2\/pages\/3\/revisions\/8917"}],"wp:attachment":[{"href":"https:\/\/juntospeloclima.co.mz\/en\/wp-json\/wp\/v2\/media?parent=3"}],"curies":[{"name":"wp","href":"https:\/\/api.w.org\/{rel}","templated":true}]}}