{"id":11053,"date":"2025-04-25T06:47:04","date_gmt":"2025-04-25T06:47:04","guid":{"rendered":"https:\/\/juntospeloclima.co.mz\/?page_id=11053"},"modified":"2025-05-09T10:20:33","modified_gmt":"2025-05-09T10:20:33","slug":"cursos-cima","status":"publish","type":"page","link":"https:\/\/juntospeloclima.co.mz\/en\/cursos-cima\/","title":{"rendered":"Cursos CIMA"},"content":{"rendered":"<div data-elementor-type=\"wp-page\" data-elementor-id=\"11053\" class=\"elementor elementor-11053\" data-elementor-post-type=\"page\">\n\t\t\t\t<div class=\"elementor-element elementor-element-25437df e-flex e-con-boxed e-con e-parent\" data-id=\"25437df\" data-element_type=\"container\">\n\t\t\t\t\t<div class=\"e-con-inner\">\n\t\t\t\t<div class=\"elementor-element elementor-element-83005a7 elementor-widget elementor-widget-spacer\" data-id=\"83005a7\" data-element_type=\"widget\" data-widget_type=\"spacer.default\">\n\t\t\t\t<div class=\"elementor-widget-container\">\n\t\t\t\t\t\t\t<div class=\"elementor-spacer\">\n\t\t\t<div class=\"elementor-spacer-inner\"><\/div>\n\t\t<\/div>\n\t\t\t\t\t\t<\/div>\n\t\t\t\t<\/div>\n\t\t\t\t\t<\/div>\n\t\t\t\t<\/div>\n\t\t<div class=\"elementor-element elementor-element-203f7b7 e-flex e-con-boxed e-con e-parent\" data-id=\"203f7b7\" data-element_type=\"container\">\n\t\t\t\t\t<div class=\"e-con-inner\">\n\t\t\t\t<div class=\"elementor-element elementor-element-7056928 elementor-widget elementor-widget-image\" data-id=\"7056928\" data-element_type=\"widget\" data-widget_type=\"image.default\">\n\t\t\t\t<div class=\"elementor-widget-container\">\n\t\t\t\t\t\t\t\t\t\t\t\t\t\t\t<img fetchpriority=\"high\" decoding=\"async\" width=\"201\" height=\"250\" src=\"https:\/\/juntospeloclima.co.mz\/wp-content\/uploads\/2025\/04\/logo-CIMA.webp\" class=\"attachment-large size-large wp-image-10942\" alt=\"\" srcset=\"https:\/\/juntospeloclima.co.mz\/wp-content\/uploads\/2025\/04\/logo-CIMA.webp 201w, https:\/\/juntospeloclima.co.mz\/wp-content\/uploads\/2025\/04\/logo-CIMA-10x12.webp 10w\" sizes=\"(max-width: 201px) 100vw, 201px\" \/>\t\t\t\t\t\t\t\t\t\t\t\t\t\t\t<\/div>\n\t\t\t\t<\/div>\n\t\t\t\t<div class=\"elementor-element elementor-element-47e2202 elementor-widget elementor-widget-ecofinecore_about\" data-id=\"47e2202\" data-element_type=\"widget\" data-widget_type=\"ecofinecore_about.default\">\n\t\t\t\t<div class=\"elementor-widget-container\">\n\t\t\t\t\t        <div class=\"about-section-wraper\">\n            <div class=\"container\">\n            <div class=\"about_content\">\n                <div class=\"about-item\">\n                                                 <div class=\"about-des\"> <p>A<strong> CIMA Research Foundation<\/strong> is a research organization concerned with the study, prediction and prevention of climate change-related hazards such as floods, forest fires, droughts, and loss of terrestrial and marine biodiversity. It is recognized as a center of excellence for civil protection by the national Italian regulation.<\/p><p>\u00a0<\/p> <\/div>                <\/div>\n                                            <\/div>\n        <\/div>\n        <\/div>\n        \t\t\t\t<\/div>\n\t\t\t\t<\/div>\n\t\t\t\t\t<\/div>\n\t\t\t\t<\/div>\n\t\t<div class=\"elementor-element elementor-element-cd65563 e-flex e-con-boxed e-con e-parent\" data-id=\"cd65563\" data-element_type=\"container\">\n\t\t\t\t\t<div class=\"e-con-inner\">\n\t\t\t\t<div class=\"elementor-element elementor-element-299b9ae elementor-widget elementor-widget-ecofinecore_about\" data-id=\"299b9ae\" data-element_type=\"widget\" data-widget_type=\"ecofinecore_about.default\">\n\t\t\t\t<div class=\"elementor-widget-container\">\n\t\t\t\t\t        <div class=\"about-section-wraper\">\n            <div class=\"container\">\n            <div class=\"about_content\">\n                <div class=\"about-item\">\n                                 <h2 class=\"about-title\"> CIMA Foundation Courses: <\/h2>                  <div class=\"about-des\"> <p><b><span lang=\"PT\">Selection of CIMA Research Foundation Courses<\/span><\/b><span lang=\"PT\">\u00a0(please note that the courses are free, but registration on the CIMA E-Learning platform is required to access them. The courses are in English):<\/span><\/p><p><i><span lang=\"PT\">This course was developed by <strong>MSB in the framework of PPRD East 3 project<\/strong><\/span><\/i><\/p> <\/div>                <\/div>\n                                            <\/div>\n        <\/div>\n        <\/div>\n        \t\t\t\t<\/div>\n\t\t\t\t<\/div>\n\t\t\t\t\t<\/div>\n\t\t\t\t<\/div>\n\t\t<div class=\"elementor-element elementor-element-20f07dc e-grid e-con-boxed e-con e-parent\" data-id=\"20f07dc\" data-element_type=\"container\">\n\t\t\t\t\t<div class=\"e-con-inner\">\n\t\t\t\t<div class=\"elementor-element elementor-element-5e68eb2 elementor-widget elementor-widget-ecofinecore_about\" data-id=\"5e68eb2\" data-element_type=\"widget\" data-widget_type=\"ecofinecore_about.default\">\n\t\t\t\t<div class=\"elementor-widget-container\">\n\t\t\t\t\t        <div class=\"about-section-wraper\">\n            <div class=\"container\">\n            <div class=\"about_content\">\n                <div class=\"about-item\">\n                                 <h2 class=\"about-title\"> \n1. Environmental issues in Disaster Risk Management <\/h2>                  <div class=\"about-des\"> <p>This course deals with the Disaster Risk Assessment (DRA), which is an approach to determine the nature and extent of disaster risk by analysing potential hazards and evaluating existing conditions of exposure and vulnerability that together could harm people, property, services, livelihoods and the environment on which they depend.<\/p> <\/div>                <\/div>\n                                                <div class=\"about-button\">\n\t\t\t\t\t<a href=\"https:\/\/edu.cimafoundation.org\/course\/view.php?id=86\" target=\"_blank\" rel=\"nofollow\" class=\"theme-btns\"> <span>Enroll <i class=\"fas fa-angle-double-right\"><\/i><\/span><\/a>\n\t\t\t\t<\/div>\n                            <\/div>\n        <\/div>\n        <\/div>\n        \t\t\t\t<\/div>\n\t\t\t\t<\/div>\n\t\t\t\t<div class=\"elementor-element elementor-element-3406ac9 elementor-widget elementor-widget-ecofinecore_about\" data-id=\"3406ac9\" data-element_type=\"widget\" data-widget_type=\"ecofinecore_about.default\">\n\t\t\t\t<div class=\"elementor-widget-container\">\n\t\t\t\t\t        <div class=\"about-section-wraper\">\n            <div class=\"container\">\n            <div class=\"about_content\">\n                <div class=\"about-item\">\n                                 <h2 class=\"about-title\"> 2. Information Management <\/h2>                  <div class=\"about-des\"> <p>Information management (IM) is the process of identifying, acquiring, manipulating, analyzing, and sharing data related specifically to operations and populations of interest for planning activities or following an emergency event.<\/p> <\/div>                <\/div>\n                                                <div class=\"about-button\">\n\t\t\t\t\t<a href=\"https:\/\/edu.cimafoundation.org\/enrol\/index.php?id=94\" target=\"_blank\" rel=\"nofollow\" class=\"theme-btns\"> <span>Enroll <i class=\"fas fa-angle-double-right\"><\/i><\/span><\/a>\n\t\t\t\t<\/div>\n                            <\/div>\n        <\/div>\n        <\/div>\n        \t\t\t\t<\/div>\n\t\t\t\t<\/div>\n\t\t\t\t<div class=\"elementor-element elementor-element-7718283 elementor-widget elementor-widget-ecofinecore_about\" data-id=\"7718283\" data-element_type=\"widget\" data-widget_type=\"ecofinecore_about.default\">\n\t\t\t\t<div class=\"elementor-widget-container\">\n\t\t\t\t\t        <div class=\"about-section-wraper\">\n            <div class=\"container\">\n            <div class=\"about_content\">\n                <div class=\"about-item\">\n                                 <h2 class=\"about-title\"> 3. Gender and human rights in DRM <\/h2>                  <div class=\"about-des\"> <p>The aim of this course is to learn more about the connection between gender and human rights in relations to Disaster Risk Management (DRM), and in particular give you terminology, examples and practice on how you can incorporate these aspects in to your own day-to-day work.<\/p> <\/div>                <\/div>\n                                                <div class=\"about-button\">\n\t\t\t\t\t<a href=\"https:\/\/edu.cimafoundation.org\/enrol\/index.php?id=88\" target=\"_blank\" rel=\"nofollow\" class=\"theme-btns\"> <span>Enroll <i class=\"fas fa-angle-double-right\"><\/i><\/span><\/a>\n\t\t\t\t<\/div>\n                            <\/div>\n        <\/div>\n        <\/div>\n        \t\t\t\t<\/div>\n\t\t\t\t<\/div>\n\t\t\t\t<div class=\"elementor-element elementor-element-3bc5f0f elementor-widget elementor-widget-ecofinecore_about\" data-id=\"3bc5f0f\" data-element_type=\"widget\" data-widget_type=\"ecofinecore_about.default\">\n\t\t\t\t<div class=\"elementor-widget-container\">\n\t\t\t\t\t        <div class=\"about-section-wraper\">\n            <div class=\"container\">\n            <div class=\"about_content\">\n                <div class=\"about-item\">\n                                 <h2 class=\"about-title\"> 4. Environmental issues in Disaster Risk Management <\/h2>                  <div class=\"about-des\"> <p>Introduce environment as a cross cutting perspective in the area of Disaster Risk Management.<\/p> <\/div>                <\/div>\n                                                <div class=\"about-button\">\n\t\t\t\t\t<a href=\"https:\/\/edu.cimafoundation.org\/course\/view.php?id=86\" target=\"_blank\" rel=\"nofollow\" class=\"theme-btns\"> <span>Enroll <i class=\"fas fa-angle-double-right\"><\/i><\/span><\/a>\n\t\t\t\t<\/div>\n                            <\/div>\n        <\/div>\n        <\/div>\n        \t\t\t\t<\/div>\n\t\t\t\t<\/div>\n\t\t\t\t\t<\/div>\n\t\t\t\t<\/div>\n\t\t\t\t<\/div>","protected":false},"excerpt":{"rendered":"<p>A CIMA Research Foundation \u00e9 uma organiza\u00e7\u00e3o de pesquisa dedicada ao estudo, previs\u00e3o e preven\u00e7\u00e3o de riscos relacionados \u00e0s mudan\u00e7as [&hellip;]<\/p>","protected":false},"author":2,"featured_media":0,"parent":0,"menu_order":0,"comment_status":"closed","ping_status":"closed","template":"","meta":{"cybocfi_hide_featured_image":"","footnotes":""},"class_list":["post-11053","page","type-page","status-publish","hentry"],"_links":{"self":[{"href":"https:\/\/juntospeloclima.co.mz\/en\/wp-json\/wp\/v2\/pages\/11053","targetHints":{"allow":["GET"]}}],"collection":[{"href":"https:\/\/juntospeloclima.co.mz\/en\/wp-json\/wp\/v2\/pages"}],"about":[{"href":"https:\/\/juntospeloclima.co.mz\/en\/wp-json\/wp\/v2\/types\/page"}],"author":[{"embeddable":true,"href":"https:\/\/juntospeloclima.co.mz\/en\/wp-json\/wp\/v2\/users\/2"}],"replies":[{"embeddable":true,"href":"https:\/\/juntospeloclima.co.mz\/en\/wp-json\/wp\/v2\/comments?post=11053"}],"version-history":[{"count":22,"href":"https:\/\/juntospeloclima.co.mz\/en\/wp-json\/wp\/v2\/pages\/11053\/revisions"}],"predecessor-version":[{"id":11116,"href":"https:\/\/juntospeloclima.co.mz\/en\/wp-json\/wp\/v2\/pages\/11053\/revisions\/11116"}],"wp:attachment":[{"href":"https:\/\/juntospeloclima.co.mz\/en\/wp-json\/wp\/v2\/media?parent=11053"}],"curies":[{"name":"wp","href":"https:\/\/api.w.org\/{rel}","templated":true}]}}